{"id":873,"date":"2020-02-08T14:30:46","date_gmt":"2020-02-08T16:30:46","guid":{"rendered":"https:\/\/dialog-welt.de\/?page_id=873"},"modified":"2023-08-14T17:19:47","modified_gmt":"2023-08-14T19:19:47","slug":"ueber-uns","status":"publish","type":"page","link":"http:\/\/dialog-welt.de\/de\/ueber-uns\/","title":{"rendered":"\u00dcber uns"},"content":{"rendered":"<div class=\"vc_row wpb_row vc_row-fluid\"><div class=\"wpb_column vc_column_container vc_col-sm-12\"><div class=\"vc_column-inner\"><div class=\"wpb_wrapper\">\n\t<div  class=\"wpb_single_image wpb_content_element vc_align_center\">\n\t\t\n\t\t<figure class=\"wpb_wrapper vc_figure\">\n\t\t\t<div class=\"vc_single_image-wrapper   vc_box_border_grey\"><img loading=\"lazy\" decoding=\"async\" width=\"1700\" height=\"645\" src=\"https:\/\/dialog-welt.de\/wp-content\/uploads\/2021\/12\/d3.jpg\" class=\"vc_single_image-img attachment-full\" alt=\"\" srcset=\"https:\/\/dialog-welt.de\/wp-content\/uploads\/2021\/12\/d3.jpg 1700w, https:\/\/dialog-welt.de\/wp-content\/uploads\/2021\/12\/d3-600x228.jpg 600w, https:\/\/dialog-welt.de\/wp-content\/uploads\/2021\/12\/d3-300x114.jpg 300w, https:\/\/dialog-welt.de\/wp-content\/uploads\/2021\/12\/d3-1024x389.jpg 1024w, https:\/\/dialog-welt.de\/wp-content\/uploads\/2021\/12\/d3-768x291.jpg 768w, https:\/\/dialog-welt.de\/wp-content\/uploads\/2021\/12\/d3-1536x583.jpg 1536w, https:\/\/dialog-welt.de\/wp-content\/uploads\/2021\/12\/d3-18x7.jpg 18w\" sizes=\"auto, (max-width: 1700px) 100vw, 1700px\" \/><\/div>\n\t\t<\/figure>\n\t<\/div>\n<div class=\"vc_empty_space\"   style=\"height: 32px\"><span class=\"vc_empty_space_inner\"><\/span><\/div>\n  <h3 style=\"text-align: left;\" > Soziokulturelles Zentrum Dialog-Welt e.V.<\/h3>\n\n\t<div class=\"wpb_text_column wpb_content_element\" >\n\t\t<div class=\"wpb_wrapper\">\n\t\t\t<h3>Wir sind eine Initiativgruppe, der bewusst ist wie dringend viele Migranten Hilfe ben\u00f6tigen. Insbesondere Einwanderer aus den ehemaligen Sowjetrepubliken haben stark ausgepr\u00e4gte Schwierigkeiten bei der Bew\u00e4ltigung der Probleme des Alltagslebens in Deutschland.<\/h3>\n<p>Unser Verst\u00e4ndnis f\u00fcr die Herausforderungen des Lebens, unser Wunsch, das Leben von Zuwanderern klarer, vielf\u00e4ltiger und interessanter zu gestalten und unsere Erfahrungen und F\u00e4higkeiten als Kollektiv von Gleichgesinnten haben uns dazu bewogen, 2019 das Soziokulturelle Zentrum DIALOG-WELT in Dortmund, NRW zu gr\u00fcnden <b><i><\/i><\/b>.<\/p>\n<p><b>Unser Selbstverst\u00e4ndnis, unsere Projekte und unsere Ziele<\/b><\/p>\n<p>Hauptziel der von uns organisierten Projekte ist die <u>Unterst\u00fctzung von Migranten bei der Integration in die deutsche Gesellschaft<\/u>. Die Zielgruppen sind Migranten aus den GUS-L\u00e4ndern aller Altersgruppen, von Kindern bis Rentner. Unsere Programme f\u00fcr Kinder sind darauf ausgerichtet, sie im Rahmen der au\u00dferschulischen Bildung und Erziehung in ihrer Pers\u00f6nlichkeitsentwicklung zu unterst\u00fctzen. Jugendliche, junge Erwachsene und Migranten mittleren Alters k\u00f6nnen bei uns Hilfe bei der Suche nach Studienpl\u00e4tzen, Ausbildung- und Weiterbildungspl\u00e4tzen sowie zur Vorbereitung auf den Arbeitsbeginn in Anspruch nehmen. Dabei wird Ihnen nicht nur beim Verfassen eines Lebenslaufes und einer Bewerbung, sondern auch beim Kennenlernen der gesellschaftlichen und politischen Strukturen des Landes sowie der Wirtschaft, des Bildungssystems, des Gesundheitswesens, des Sozialversicherungssystems etc. geholfen.<\/p>\n<p>Selbstverst\u00e4ndlich m\u00f6chten wir auch <b>f\u00fcr die Senioren<\/b> da sein. \u00c4ltere Menschen leiden nicht nur unter einer Vielzahl von gesundheitlichen Problemen und mangelnden technischen Kenntnissen, sondern auch unter der fehlenden Integration in das deutsche soziale Umfeld. Das liegt vor allem an ihren schlechten oder gar fehlenden Deutschkenntnissen und f\u00fchrt oft zu sozialer Isolation. Senioren, die allein leben, haben es besonders schwer.<\/p>\n<p>F\u00fcr die F\u00f6rderung der Integration und zur Vermeidung von sozialer Isolation wollen wir<b> Freizeitaktivit\u00e4ten wie themenspezifische Clubs und Hobbygruppen\u00a0<\/b>f\u00fcr alle interessierten Vereinsmitglieder organisieren.<\/p>\n<p>Dabei sind alle, unabh\u00e4ngig von Religion, Alter, gesellschaftlicher oder politischer Stellung bei uns herzlich Willkommen.<\/p>\n\n\t\t<\/div>\n\t<\/div>\n<\/div><\/div><\/div><\/div><div class=\"vc_row wpb_row vc_row-fluid my_us\"><div class=\"wpb_column vc_column_container vc_col-sm-6\" id=\"knopki\"><div class=\"vc_column-inner\"><div class=\"wpb_wrapper\">\n  \n  <a href=\"\/de\/projekte\/\" class=\"ot-btn btn-rounded default-size-btn btn-hightlight-color icon-btn-right\">Mehr zu unseren Pl\u00e4nen und Projekten<\/a>\n\n  <\/div><\/div><\/div><div class=\"wpb_column vc_column_container vc_col-sm-6\" id=\"knopki\"><div class=\"vc_column-inner\"><div class=\"wpb_wrapper\">\n  \n  <a href=\"\/de\/kontakt\/\" class=\"ot-btn btn-rounded default-size-btn btn-hightlight-color\">Wie werde ich Mitglied von DIALOG-WELT e.V.<\/a>\n\n  <\/div><\/div><\/div><\/div><div class=\"vc_row wpb_row vc_row-fluid vc_custom_1590170481037\"><div class=\"wpb_column vc_column_container vc_col-sm-12\"><div class=\"vc_column-inner\"><div class=\"wpb_wrapper\">\n  <h2 class= \"partner\" style=\"text-align: left;\" > Unsere Partner<\/h2>\n<\/div><\/div><\/div><\/div><div class=\"vc_row wpb_row vc_row-fluid\"><div class=\"wpb_column vc_column_container vc_col-sm-4\"><div class=\"vc_column-inner\"><div class=\"wpb_wrapper\">\n  <article class=\"thumbnail-style thumbnail-icon-item text-center no-margin\">\n\n   <div class=\"thumbnail\">\n\n      <img decoding=\"async\" src=\"\" alt=\"\">\n\n     <div class=\"caption\">\n\n       <h4>\u0415\u0432\u0440\u0435\u0439\u0441\u043a\u0438\u0439 \u0441\u043e\u0446\u0438\u043e\u043a\u0443\u043b\u044c\u0442\u0443\u0440\u043d\u044b\u0439 \u0446\u0435\u043d\u0442\u0440 \u00ab\u042f\u0445\u0430\u0434 \u0425\u0430\u0432\u0435\u0440\u0438\u043c\u00bb<\/h4>\n\n       Haydnstra\u00dfe 5<br \/>\n44805 Bochum<br \/>\n\u0422\u0435\u043b.: +49 (0) 157 \/ 524 674 0<br \/>\n+49 (0) 0173 \/ 828 201 3<br \/>\n<a href=\"http:\/\/www.yahabo.de\">www.yahabo.de<\/a>\n     <\/div>\n\n   <\/div>\n\n  <\/article><!-- End article -->\n\n<\/div><\/div><\/div><div class=\"wpb_column vc_column_container vc_col-sm-4\"><div class=\"vc_column-inner\"><div class=\"wpb_wrapper\">\n  <article class=\"thumbnail-style thumbnail-icon-item text-center no-margin\">\n\n   <div class=\"thumbnail\">\n\n      <img decoding=\"async\" src=\"\" alt=\"\">\n\n     <div class=\"caption\">\n\n       <h4>\u0410\u043c\u0431\u0443\u043b\u0430\u0442\u043e\u0440\u043d\u0430\u044f \u0441\u043b\u0443\u0436\u0431\u0430 \u043f\u043e \u0443\u0445\u043e\u0434\u0443 \u00ab\u0410\u0440\u043d\u0438\u043a\u0430\u00bb<\/h4>\n\n       Wenkerstra\u00dfe 31<br \/>\n44141 Dortmund (Mitte)<br \/>\n\u0422\u0435\u043b.: 0231 53030600<br \/>\n<a href=\"http:\/\/arnika-pflege.de\">arnika-pflege.de<\/a>\n     <\/div>\n\n   <\/div>\n\n  <\/article><!-- End article -->\n\n<\/div><\/div><\/div><div class=\"wpb_column vc_column_container vc_col-sm-4\"><div class=\"vc_column-inner\"><div class=\"wpb_wrapper\">\n  <article class=\"thumbnail-style thumbnail-icon-item text-center no-margin\">\n\n   <div class=\"thumbnail\">\n\n      <img decoding=\"async\" src=\"\" alt=\"\">\n\n     <div class=\"caption\">\n\n       <h4>Bezirksregierung Arnsberg<\/h4>\n\n       Seibertzstra\u00dfe 1<br \/>\n59821 Arnsberg<br \/>\nTel.: 02931 82-0<br \/>\n<a href=\"https:\/\/www.bezreg-arnsberg.nrw.de\">www.bezreg-arnsberg.nrw.de<\/a>\n     <\/div>\n\n   <\/div>\n\n  <\/article><!-- End article -->\n\n<\/div><\/div><\/div><\/div><div class=\"vc_row wpb_row vc_row-fluid\"><div class=\"wpb_column vc_column_container vc_col-sm-12\"><div class=\"vc_column-inner\"><div class=\"wpb_wrapper\"><div class=\"vc_separator wpb_content_element vc_separator_align_center vc_sep_width_100 vc_sep_border_width_5 vc_sep_pos_align_center vc_separator_no_text vc_custom_1590170941489  vc_custom_1590170941489\" ><span class=\"vc_sep_holder vc_sep_holder_l\"><span  style=\"border-color:#495053;\" class=\"vc_sep_line\"><\/span><\/span><span class=\"vc_sep_holder vc_sep_holder_r\"><span  style=\"border-color:#495053;\" class=\"vc_sep_line\"><\/span><\/span>\n<\/div><\/div><\/div><\/div><\/div><div class=\"vc_row wpb_row vc_row-fluid\"><div class=\"wpb_column vc_column_container vc_col-sm-4\"><div class=\"vc_column-inner\"><div class=\"wpb_wrapper\">\n  <article class=\"thumbnail-style thumbnail-icon-item text-center no-margin\">\n\n   <div class=\"thumbnail\">\n\n      <img decoding=\"async\" src=\"\" alt=\"\">\n\n     <div class=\"caption\">\n\n       <h4>SSR Rechtsanw\u00e4lte Steinberg Schlossberg GbR<\/h4>\n\n       \u0424\u0438\u043b\u0438\u0430\u043b \u0432 \u0414\u043e\u0440\u0442\u043c\u0443\u043d\u0434\u0435<br \/>\nBr\u00fcckstr. 30-32<br \/>\n44135 Dortmund<br \/>\n\u0422\u0435\u043b.: 0231 3963650<br \/>\n<a href=\"https:\/\/www.ssr-advokat.de\">www.ssr-advokat.de<\/a>\n     <\/div>\n\n   <\/div>\n\n  <\/article><!-- End article -->\n\n<\/div><\/div><\/div><div class=\"wpb_column vc_column_container vc_col-sm-4\"><div class=\"vc_column-inner\"><div class=\"wpb_wrapper\">\n  <article class=\"thumbnail-style thumbnail-icon-item text-center no-margin\">\n\n   <div class=\"thumbnail\">\n\n      <img decoding=\"async\" src=\"\" alt=\"\">\n\n     <div class=\"caption\">\n\n       <h4>\u00dcbersetzungsb\u00fcro<\/h4>\n\n       Hermann-Kunz-Str. 13<br \/>\n51067 K\u00f6ln<br \/>\n\u0422\u0435\u043b.: 0221 29429445<br \/>\n<a href=\"http:\/\/grushko.de\">grushko.de<\/a>\n     <\/div>\n\n   <\/div>\n\n  <\/article><!-- End article -->\n\n<\/div><\/div><\/div><div class=\"wpb_column vc_column_container vc_col-sm-4\"><div class=\"vc_column-inner\"><div class=\"wpb_wrapper\">\n  <article class=\"thumbnail-style thumbnail-icon-item text-center no-margin\">\n\n   <div class=\"thumbnail\">\n\n      <img decoding=\"async\" src=\"\" alt=\"\">\n\n     <div class=\"caption\">\n\n       <h4>Internationales Service Center f\u00fcr Russischsprachige GmbH<\/h4>\n\n       Kurt-Schumacher-Str. 125<br \/>\n45881 Gelsenkirchen<br \/>\n\u0422\u0435\u043b.: 0209 9336906<br \/>\n<a href=\"\/de\/www.iscr-gmbh.de\/\">www.iscr-gmbh.de<\/a>\n     <\/div>\n\n   <\/div>\n\n  <\/article><!-- End article -->\n\n<\/div><\/div><\/div><\/div><div class=\"vc_row wpb_row vc_row-fluid\"><div class=\"wpb_column vc_column_container vc_col-sm-12\"><div class=\"vc_column-inner\"><div class=\"wpb_wrapper\"><div class=\"vc_separator wpb_content_element vc_separator_align_center vc_sep_width_100 vc_sep_border_width_5 vc_sep_pos_align_center vc_separator_no_text vc_custom_1590170941489  vc_custom_1590170941489\" ><span class=\"vc_sep_holder vc_sep_holder_l\"><span  style=\"border-color:#495053;\" class=\"vc_sep_line\"><\/span><\/span><span class=\"vc_sep_holder vc_sep_holder_r\"><span  style=\"border-color:#495053;\" class=\"vc_sep_line\"><\/span><\/span>\n<\/div><\/div><\/div><\/div><\/div><div class=\"vc_row wpb_row vc_row-fluid\"><div class=\"wpb_column vc_column_container vc_col-sm-4\"><div class=\"vc_column-inner\"><div class=\"wpb_wrapper\"><\/div><\/div><\/div><div class=\"wpb_column vc_column_container vc_col-sm-4\"><div class=\"vc_column-inner\"><div class=\"wpb_wrapper\">\n  <article class=\"thumbnail-style thumbnail-icon-item text-center no-margin\">\n\n   <div class=\"thumbnail\">\n\n      <img decoding=\"async\" src=\"\" alt=\"\">\n\n     <div class=\"caption\">\n\n       <h4>Anwaltskanzlei \u00abJordan Four Mayer\u00bb<\/h4>\n\n       Harmoniestra\u00dfe 1<br \/>\n44787 Bochum<br \/>\nTelefon +49 (0) 2 34 \/ 338 53 - 0<br \/>\nE-mail: bochum@jfm24.de<br \/>\n<a href=\"\/de\/www.jfm24.de\/\">www.jfm24.de<\/a>\n     <\/div>\n\n   <\/div>\n\n  <\/article><!-- End article -->\n\n<\/div><\/div><\/div><div class=\"wpb_column vc_column_container vc_col-sm-4\"><div class=\"vc_column-inner\"><div class=\"wpb_wrapper\"><\/div><\/div><\/div><\/div><div class=\"vc_row wpb_row vc_row-fluid\"><div class=\"wpb_column vc_column_container vc_col-sm-12\"><div class=\"vc_column-inner\"><div class=\"wpb_wrapper\"><div class=\"vc_separator wpb_content_element vc_separator_align_center vc_sep_width_100 vc_sep_border_width_5 vc_sep_pos_align_center vc_separator_no_text vc_custom_1590170941489  vc_custom_1590170941489\" ><span class=\"vc_sep_holder vc_sep_holder_l\"><span  style=\"border-color:#495053;\" class=\"vc_sep_line\"><\/span><\/span><span class=\"vc_sep_holder vc_sep_holder_r\"><span  style=\"border-color:#495053;\" class=\"vc_sep_line\"><\/span><\/span>\n<\/div><\/div><\/div><\/div><\/div>\n<div class=\"vc_row wpb_row vc_row-fluid\"><div class=\"wpb_column vc_column_container vc_col-sm-12\"><div class=\"vc_column-inner\"><div class=\"wpb_wrapper\">\n\t<div class=\"wpb_text_column wpb_content_element  invitation\" >\n\t\t<div class=\"wpb_wrapper\">\n\t\t\t<h2>M\u00f6chten Sie unser Partner werden?<\/h2>\n<p>Kontaktieren Sie uns telefonisch oder per E-Mail. Wir erkl\u00e4ren Ihnen gerne, wie Sie unser Partner werden k\u00f6nnen.<\/p>\n\n\t\t<\/div>\n\t<\/div>\n<\/div><\/div><\/div><\/div>","protected":false},"excerpt":{"rendered":"\u0421\u043e\u0446\u0438\u0430\u043b\u044c\u043d\u043e-\u043a\u0443\u043b\u044c\u0442\u0443\u0440\u043d\u044b\u0439 \u0446\u0435\u043d\u0442\u0440 Dialog-Welt e.V. \u041c\u044b \u2013 \u0438\u043d\u0438\u0446\u0438\u0430\u0442\u0438\u0432\u043d\u0430\u044f \u0433\u0440\u0443\u043f\u043f\u0430, \u043e\u0441\u043e\u0437\u043d\u0430\u044e\u0449\u0430\u044f \u043e\u0441\u0442\u0440\u0443\u044e \u043d\u0435\u043e\u0431\u0445\u043e\u0434\u0438\u043c\u043e\u0441\u0442\u044c \u043e\u043a\u0430\u0437\u0430\u043d\u0438\u044f \u043f\u043e\u043c\u043e\u0449\u0438 \u0438 \u043f\u043e\u0434\u0434\u0435\u0440\u0436\u043a\u0438, \u0432 \u043f\u0435\u0440\u0432\u0443\u044e \u043e\u0447\u0435\u0440\u0435\u0434\u044c, \u0438\u043c\u043c\u0438\u0433\u0440\u0430\u043d\u0442\u0430\u043c \u0438\u0437 \u0440\u0435\u0441\u043f\u0443\u0431\u043b\u0438\u043a \u0431\u044b\u0432\u0448\u0435\u0433\u043e \u0421\u0421\u0421\u0420 \u0432 \u043f\u0440\u0435\u043e\u0434\u043e\u043b\u0435\u043d\u0438\u0438 \u043f\u0440\u043e\u0431\u043b\u0435\u043c \u043f\u043e\u0432\u0441\u0435\u0434\u043d\u0435\u0432\u043d\u043e\u0439 \u0436\u0438\u0437\u043d\u0438 \u0432 \u0413\u0435\u0440\u043c\u0430\u043d\u0438\u0438. \u041d\u0430\u0448\u0435 \u043f\u043e\u043d\u0438\u043c\u0430\u043d\u0438\u0435 \u043f\u0443\u0442\u0435\u0439 \u0440\u0435\u0448\u0435\u043d\u0438\u044f \u043d\u0430\u0441\u0443\u0449\u043d\u044b\u0445 \u0436\u0438\u0437\u043d\u0435\u043d\u043d\u044b\u0445 \u0437\u0430\u0434\u0430\u0447, \u0436\u0435\u043b\u0430\u043d\u0438\u0435 \u0441\u0434\u0435\u043b\u0430\u0442\u044c \u0436\u0438\u0437\u043d\u044c \u0438\u043c\u043c\u0438\u0433\u0440\u0430\u043d\u0442\u043e\u0432 \u043f\u043e\u043d\u044f\u0442\u043d\u0435\u0439, \u0440\u0430\u0437\u043d\u043e\u043e\u0431\u0440\u0430\u0437\u043d\u0435\u0439 \u0438 \u0438\u043d\u0442\u0435\u0440\u0435\u0441\u043d\u0435\u0439, \u0430 \u0442\u0430\u043a\u0436\u0435 \u043d\u0430\u0448\u0438 \u043e\u043f\u044b\u0442 \u0438 \u0432\u043e\u0437\u043c\u043e\u0436\u043d\u043e\u0441\u0442\u0438 \u043a\u0430\u043a \u043a\u043e\u043b\u043b\u0435\u043a\u0442\u0438\u0432\u0430 \u0435\u0434\u0438\u043d\u0438\u043c\u044b\u0448\u043b\u0435\u043d\u043d\u0438\u043a\u043e\u0432 \u043f\u043e\u0431\u0443\u0434\u0438\u043b\u0438 [...]","protected":false},"author":2,"featured_media":0,"parent":0,"menu_order":0,"comment_status":"closed","ping_status":"closed","template":"page-templates\/template-canvas.php","meta":{"kk_blocks_editor_width":"","_kiokenblocks_attr":"","_kiokenblocks_dimensions":"","footnotes":""},"class_list":["post-873","page","type-page","status-publish","hentry"],"_links":{"self":[{"href":"http:\/\/dialog-welt.de\/de\/wp-json\/wp\/v2\/pages\/873","targetHints":{"allow":["GET"]}}],"collection":[{"href":"http:\/\/dialog-welt.de\/de\/wp-json\/wp\/v2\/pages"}],"about":[{"href":"http:\/\/dialog-welt.de\/de\/wp-json\/wp\/v2\/types\/page"}],"author":[{"embeddable":true,"href":"http:\/\/dialog-welt.de\/de\/wp-json\/wp\/v2\/users\/2"}],"replies":[{"embeddable":true,"href":"http:\/\/dialog-welt.de\/de\/wp-json\/wp\/v2\/comments?post=873"}],"version-history":[{"count":29,"href":"http:\/\/dialog-welt.de\/de\/wp-json\/wp\/v2\/pages\/873\/revisions"}],"predecessor-version":[{"id":3115,"href":"http:\/\/dialog-welt.de\/de\/wp-json\/wp\/v2\/pages\/873\/revisions\/3115"}],"wp:attachment":[{"href":"http:\/\/dialog-welt.de\/de\/wp-json\/wp\/v2\/media?parent=873"}],"curies":[{"name":"wp","href":"https:\/\/api.w.org\/{rel}","templated":true}]}}