{"id":1209,"date":"2020-05-22T19:04:19","date_gmt":"2020-05-22T19:04:19","guid":{"rendered":"https:\/\/dialog-welt.de\/?page_id=1209"},"modified":"2021-11-27T00:09:48","modified_gmt":"2021-11-26T21:09:48","slug":"satzung","status":"publish","type":"page","link":"http:\/\/dialog-welt.de\/de\/satzung\/","title":{"rendered":"Satzung"},"content":{"rendered":"<div class=\"vc_row wpb_row vc_row-fluid\"><div class=\"wpb_column vc_column_container vc_col-sm-12\"><div class=\"vc_column-inner\"><div class=\"wpb_wrapper\"><div class=\"vc_empty_space\"   style=\"height: 32px\"><span class=\"vc_empty_space_inner\"><\/span><\/div>\n\t<div class=\"wpb_text_column wpb_content_element\" id=\"satzung\">\n\t\t<div class=\"wpb_wrapper\">\n\t\t\t<p><strong>Bitte beachten Sie, dass diese nur in\u00a0<a href=\"https:\/\/dialog-welt.de\/de\/satzung_de\/\">deutscher Fassung rechtsverbindlich ist<\/a>.<\/strong><\/p>\n<p><strong>Satzung<\/strong><\/p>\n<p>des Soziokulturellen Zentrums Dialog-Welt e.V.<br \/>\n(in der auf der Mitgliederversammlung am 26.11.2019 beschlossenen Fassung)<\/p>\n<p>&nbsp;<\/p>\n<p><strong>\u00a7 1<\/strong><strong><br \/>\n<\/strong><em><u>Name und Sitz<\/u><\/em><br \/>\nDer Soziokulturelles Zentrum Dialog-Welt e.V. (im folgenden SKZ Dialog-Welt) mit Sitz in Ph\u00f6nixstr. 22, 44263 Dortmund verfolgt ausschlie\u00dflich und unmittelbar gemeinn\u00fctzige, mildt\u00e4tige und kirchliche Zwecke im Sinne des Abschnitts \u201cSteuerbeg\u00fcnstigte Zwecke\u201d der Abgabeordnung.<br \/>\nDer Verein richtet die SKZ DIALOG-WELT Zweigstellen in anderen St\u00e4dten in NRW ein. Der Verein soll im Vereinsregister eingetragen werden. Das Gesch\u00e4ftsjahr ist das Kalenderjahr.<\/p>\n<p>...............................................................................................................................................................<\/p>\n<p><em><u>Zwecke und Aufgaben<\/u><\/em><em><u><br \/>\n<\/u><\/em>Die SKZ DIALOG-WELT f\u00f6rdert auf demokratischer Grundlage, in freier, parteipolitisch unabh\u00e4ngiger, weltanschaulich offener T\u00e4tigkeit die V\u00f6lkerverst\u00e4ndigung. Sie f\u00f6rdert und pflegt die sozialen Belange ihrer Mitglieder und aller B\u00fcrger, die sich an den Verein wenden.<\/p>\n<p><em>Zweck des Vereins ist:<\/em><\/p>\n<ol>\n<li>die F\u00f6rderung internationaler Gesinnung, der Toleranz auf der V\u00f6lkerverst\u00e4ndigung allen Gebieten der Kultur und des V\u00f6lkerverst\u00e4ndigungsgedankens;<\/li>\n<li>die F\u00f6rderung von Integration von Einwanderern, der Hilfe f\u00fcr Migranten, Fl\u00fcchtlinge, Holocaustopfer und Kriegshinterbliebene wie auch j\u00fcdische Kontingentfl\u00fcchtlinge, Vertriebene, Sp\u00e4taussiedler;<\/li>\n<li>die F\u00f6rderung der Jugend- und Altenhilfe, der Hilfe f\u00fcr Menschen mit Behinderung durch die F\u00f6rderung von Bildung und Erziehung, Inklusion und integrative Sportangebote;<\/li>\n<li>die F\u00f6rderung des Schutzes von Ehe und Familie, der Gleichberechtigung von Frauen und M\u00e4nnern, Gewaltpr\u00e4vention;<\/li>\n<li>die F\u00f6rderung des b\u00fcrgerschaftlichen Engagements zugunsten gemeinn\u00fctziger und mildt\u00e4tiger Zwecke.<\/li>\n<\/ol>\n<p>...............................................................................................................................................................<\/p>\n<p>Die genannten Beispiele zur Zweckverwirklichung sind nicht abschlie\u00dfend. Verein kann vielmehr alle Ma\u00dfnahmen durchf\u00fchren, die geeignet sind, die Vereinszwecke zu verwirklichen.<\/p>\n<p>Die SKZ DIALOG-WELT arbeitet zur Erf\u00fcllung dieser Aufgaben mit anderen Vereinen, Institutionen, Gremien usw. zusammen.<\/p>\n<p>&nbsp;<\/p>\n<p><strong>\u00a7 2<br \/>\n<\/strong>Die Verein SKZ DIALOG-WELT ist selbstlos t\u00e4tig, er verfolgt eigenwirtschaftliche Zwecke nicht in erster Linie.<\/p>\n<p>&nbsp;<\/p>\n<p><strong>\u00a7 3<\/strong><\/p>\n<p>Die Mittel des Vereins SKZ DIALOG-WELT d\u00fcrfen nur f\u00fcr satzungsgem\u00e4\u00dfe Ziele verwendet werden<em>.<\/em><\/p>\n<p>&nbsp;<\/p>\n<p><strong>\u00a7 4<\/strong><\/p>\n<p><em><u>Mitgliedschaft<\/u><\/em><\/p>\n<p>Die Mitglieder erhalten keine Zuwendungen aus Mitteln des Vereins.<\/p>\n<p>Es darf keine Person durch Ausgaben, die dem Zweck der SKZ DIALOG-WELT fremd sind, oder durch unverh\u00e4ltnism\u00e4\u00dfig hohe Verg\u00fctungen beg\u00fcnstigt werden.<\/p>\n<p>In der SKZ DIALOG-WELT k\u00f6nnen nat\u00fcrliche Personen sowie rechtsf\u00e4hige und nicht rechtsf\u00e4hige K\u00f6rperschaften Mitglied werden, wenn sie sich mit der Satzung, insbesondere den Zielen und Aufgaben einverstanden erkl\u00e4ren.<\/p>\n<p>&nbsp;<\/p>\n<p>(1) F\u00fcr die Aufnahme in den Verein wird folgende Ordnung vorgesehen:<\/p>\n<p>m\u00fcndliche Erkl\u00e4rung des Aufnahmewunsches gegen\u00fcber dem Vorstand,<\/p>\n<p>der Vorstand entscheidet \u00fcber Aufnahme durch Mehrheitsbeschluss,<\/p>\n<p>das Stimmrecht steht dem neuen Vereinsmitglied nach sechs Monaten zu.<\/p>\n<p>(2) Von den Mitgliedern werden keine Mitgliedsbeitr\u00e4ge erhoben.<\/p>\n<p>Die Mitgliedschaft endet mit dem Tod, freiwilligem Austritt oder dem Ausschluss vom Verein.<\/p>\n<p>&nbsp;<\/p>\n<p><em><u>Organe der SKZ DIALOG-WELT<\/u><\/em><\/p>\n<p>(1) die Mitgliederversammlung,<\/p>\n<p>(2) der Vorstand,<\/p>\n<p>(3) die Revisionskommission.<\/p>\n<p>&nbsp;<\/p>\n<p><em>Die Mitgliederversammlung<\/em><\/p>\n<p>(1) Die Mitgliederversammlung ist das h\u00f6chste Organ der SKZ DIALOG-WELT. In ihr hat jedes Mitglied eine Stimme.<\/p>\n<p>.............................................................................................................................................................<\/p>\n<p>(3) Die Mitgliederversammlung tagt mindestens einmal im Jahr. Sie wird durch den Vorsitzenden oder einen Stellvertreter einberufen und geleitet.<\/p>\n<p>(4) Zur Mitgliederversammlung wird mindestens 10 Arbeitstage vor dem angesetzten Termin schriftlich eingeladen.<\/p>\n<p>..............................................................................................................................................................<\/p>\n<p><em>\u00a0<\/em><\/p>\n<p><em>Der Vorstand<\/em><\/p>\n<p>(1) Der Vorstand besteht aus 3 Personen, darunter dem Vorsitzenden und 2 Stellvertretern. Er wird von der Mitgliederversammlung f\u00fcr zwei Jahre gew\u00e4hlt und bleibt bis zur Neuwahl des Vorstandes im Amt.<\/p>\n<p>(2) Zum Vertretungsberechtigten Vorstand (\u00a7 26 Abs. 1 BGB) geh\u00f6ren der Vorsitzende und die zwei Stellvertreter, die jeweils allein vertretungsberechtigt sind.<\/p>\n<p>(3) Der Vorstand ist f\u00fcr alle Angelegenheiten der SKZ DIALOG-WELT zust\u00e4ndig, soweit sie nicht durch die Satzung der Mitgliederversammlung zugewiesen sind.<\/p>\n<p>.............................................................................................................................................................<\/p>\n<p>&nbsp;<\/p>\n<p><em>Die Revisionskommission<\/em><\/p>\n<p>(1) Zur \u00dcberpr\u00fcfung der satzungsgem\u00e4\u00dfen T\u00e4tigkeit der SKZ DIALOG-WELT wird durch die Mitgliederversammlung eine ihr verantwortliche Revisionskommission f\u00fcr die Dauer der Legislatur des Vorstandes gew\u00e4hlt.<\/p>\n<p>(2) Die Revisionskommission besteht aus drei Personen.<\/p>\n<p>&nbsp;<\/p>\n<p><strong>\u00a7 5 <\/strong><\/p>\n<p><strong>Aufl\u00f6sung<\/strong><\/p>\n<p>(1) Die Aufl\u00f6sung der SKZ DIALOG-WELT kann nur in einer dazu einberufenen Mitgliederversammlung mit Zweidrittelmehrheit beschlossen werden.<\/p>\n<p>(2) Auf dieser Mitgliederversammlung m\u00fcssen drei Viertel der SKZ DIALOG-WELT-Mitglieder anwesend sein. Sollte die erste zu diesem Zweck einberufene Versammlung nicht beschlussf\u00e4hig sein, so ist nach vier Wochen eine zweite Mitgliederversammlung mit gleicher Tagesordnung einzuberufen. Diese ist in jedem Fall beschlussf\u00e4hig.<\/p>\n<p>(3) Bei der Aufl\u00f6sung oder Aufhebung des Vereins, oder bei Wegfall seines steuerbeg\u00fcnstigten Zwecks f\u00e4llt das Verm\u00f6gen des Vereins an das J\u00fcdische Soziokulturelle Zentrum YAHAD HAVERIM e.V., das es unmittelbar und ausschlie\u00dflich f\u00fcr gemeinn\u00fctzige Zwecke zu verwenden hat.<\/p>\n<p>&nbsp;<\/p>\n<p><strong>\u00a7 6 <\/strong><\/p>\n<p><strong>Inkrafttreten<\/strong><\/p>\n<p>(1) Die Satzung wurde von der Mitgliederversammlung am 26.11.2019 in Dortmund gebilligt und beschlossen. Sie tritt mit Wirkung mit Eintragung ins Vereinsregister in Kraft.<div class='printomatictext' id='id4433' alt='\u0412\u0435\u0440\u0441\u0438\u044f \u0434\u043b\u044f \u043f\u0435\u0447\u0430\u0442\u0438' title='Druckversion' data-print_target='#satzung'>Druckversion<\/div>\n\n\t\t<\/div>\n\t<\/div>\n\n\t<div class=\"wpb_text_column wpb_content_element\" >\n\t\t<div class=\"wpb_wrapper\">\n\t\t\t\n\t\t<\/div>\n\t<\/div>\n<\/div><\/div><\/div><\/div>","protected":false},"excerpt":{"rendered":"\u041f\u0440\u043e\u0441\u0438\u043c \u043e\u0431\u0440\u0430\u0442\u0438\u0442\u044c \u0432\u043d\u0438\u043c\u0430\u043d\u0438\u0435, \u0447\u0442\u043e \u044e\u0440\u0438\u0434\u0438\u0447\u0435\u0441\u043a\u0443\u044e \u0441\u0438\u043b\u0443 \u0438\u043c\u0435\u0435\u0442 \u0443\u0441\u0442\u0430\u0432 \u043d\u0430\u00a0\u043d\u0435\u043c\u0435\u0446\u043a\u043e\u043c \u044f\u0437\u044b\u043a\u0435. \u041e\u0441\u043d\u043e\u0432\u043d\u044b\u0435 \u043f\u043e\u043b\u043e\u0436\u0435\u043d\u0438\u044f \u0423\u0441\u0442\u0430\u0432\u0430 \u0421\u043e\u0446\u0438\u043e\u043a\u0443\u043b\u044c\u0442\u0443\u0440\u043d\u043e\u0433\u043e \u0426\u0435\u043d\u0442\u0440\u0430 DIALOG-WELT e.V. (\u0432 \u0440\u0435\u0434\u0430\u043a\u0446\u0438\u0438, \u043f\u0440\u0438\u043d\u044f\u0442\u043e\u0439 \u043d\u0430 \u043e\u0431\u0449\u0435\u043c \u0441\u043e\u0431\u0440\u0430\u043d\u0438\u0438 26 \u043d\u043e\u044f\u0431\u0440\u044f 2019 \u0433.) &nbsp; \u00a7 1 \u041d\u0430\u0437\u0432\u0430\u043d\u0438\u0435 \u0438 \u043c\u0435\u0441\u0442\u043e\u043f\u043e\u043b\u043e\u0436\u0435\u043d\u0438\u0435 \u0421\u043e\u0446\u0438\u043e\u043a\u0443\u043b\u044c\u0442\u0443\u0440\u043d\u044b\u0439 \u0446\u0435\u043d\u0442\u0440 DIALOG-WELT e.V. (\u0434\u0430\u043b\u0435\u0435 \u0421\u041a\u0426 DIALOG-WELT \u0438\u043b\u0438 \u041e\u0431\u0449\u0435\u0441\u0442\u0432\u043e), \u0437\u0430\u0440\u0435\u0433\u0438\u0441\u0442\u0440\u0438\u0440\u043e\u0432\u0430\u043d\u043d\u044b\u0439 \u043f\u043e \u0430\u0434\u0440\u0435\u0441\u0443 Ph\u00f6nixstr. 22, 44263 \u0414\u043e\u0440\u0442\u043c\u0443\u043d\u0434, \u0432 \u0441\u0432\u043e\u0435\u0439 \u0434\u0435\u044f\u0442\u0435\u043b\u044c\u043d\u043e\u0441\u0442\u0438 \u043f\u0440\u0435\u0441\u043b\u0435\u0434\u0443\u0435\u0442 \u0438\u0441\u043a\u043b\u044e\u0447\u0438\u0442\u0435\u043b\u044c\u043d\u043e \u0438 [...]","protected":false},"author":2,"featured_media":0,"parent":0,"menu_order":0,"comment_status":"closed","ping_status":"closed","template":"page-templates\/template-fullwidth.php","meta":{"kk_blocks_editor_width":"","_kiokenblocks_attr":"","_kiokenblocks_dimensions":"","footnotes":""},"class_list":["post-1209","page","type-page","status-publish","hentry"],"_links":{"self":[{"href":"http:\/\/dialog-welt.de\/de\/wp-json\/wp\/v2\/pages\/1209","targetHints":{"allow":["GET"]}}],"collection":[{"href":"http:\/\/dialog-welt.de\/de\/wp-json\/wp\/v2\/pages"}],"about":[{"href":"http:\/\/dialog-welt.de\/de\/wp-json\/wp\/v2\/types\/page"}],"author":[{"embeddable":true,"href":"http:\/\/dialog-welt.de\/de\/wp-json\/wp\/v2\/users\/2"}],"replies":[{"embeddable":true,"href":"http:\/\/dialog-welt.de\/de\/wp-json\/wp\/v2\/comments?post=1209"}],"version-history":[{"count":9,"href":"http:\/\/dialog-welt.de\/de\/wp-json\/wp\/v2\/pages\/1209\/revisions"}],"predecessor-version":[{"id":1882,"href":"http:\/\/dialog-welt.de\/de\/wp-json\/wp\/v2\/pages\/1209\/revisions\/1882"}],"wp:attachment":[{"href":"http:\/\/dialog-welt.de\/de\/wp-json\/wp\/v2\/media?parent=1209"}],"curies":[{"name":"wp","href":"https:\/\/api.w.org\/{rel}","templated":true}]}}